{"id":18,"date":"2016-10-04T09:30:42","date_gmt":"2016-10-04T09:30:42","guid":{"rendered":"https:\/\/datamarket.at\/?page_id=18"},"modified":"2016-10-31T12:22:02","modified_gmt":"2016-10-31T12:22:02","slug":"technologie","status":"publish","type":"page","link":"https:\/\/datamarket.at\/en\/datenmarkt-oesterreich\/technologie\/","title":{"rendered":"Technologie"},"content":{"rendered":"<div class=\"pbs-main-wrapper\"><p><strong>Kern der Technologieentwicklung bzw. -integration im DMA Projekt,<\/strong>\u00a0sowie\u00a0der zugeh\u00f6rigen Forschungsagenden, ist die Bereitstellung verbundener Cloudsysteme durch entsprechende Technologieentwicklung f\u00fcr einen transparenten aber kontrollierten Zugriff auf die verteilten Services, sowie auf offene, semi-offene und geschlossene Daten \u00fcber das Data Market Austria Portal.<\/p>\n<p><strong>Dies bedeutet die Schaffung einer deutlich verbesserten Technologiebasis<\/strong> durch (i) die Verwendung von Blockchain-Ans\u00e4tzen f\u00fcr eine stabile, verteile aber interoperable Dateninfrastruktur inklusive Methoden f\u00fcr: Provenance &amp; Data-Lineage, Analyse &amp; Prozessierung, Qualit\u00e4tsverbesserung &amp; Datenpflege, Speicherung &amp; Archivierung, sowie Data-Enrichment und Sicherheit; (ii) die Entwicklung von Mechanismen und Tools f\u00fcr den Handel mit Daten und Services, sowie f\u00fcr das Matchmaking zwischen Angebot und Nachfrage dieser Daten und Services entsprechend der zuvor erhobenen Anforderungen; und (iii) die Entwicklung von Analyseverfahren, welche es erlauben gro\u00dfe Datenmengen von verteilten Systemen in hoher Geschwindigkeit und hoher Sicherheit zu verarbeiten, sowie die Etablierung von diversen Daten Services auf Basis der genannten Entwicklungen.<\/p>\n<p><b>Durch die Entwicklung von Pilotsystemen<\/b> sowie innovativer (Enduser-) Anwendungen in den Bereichen (i) Erdbeobachtung und (ii) Mobilit\u00e4t, wird schlie\u00dflich\u00a0die Verwendung der Technologie des neuen Daten-Services \u00d6kosystem anhand echter und nachhaltiger Use Cases\u00a0demonstriert.<\/p>\n<p>Im DMA Projekt wird die Technologieentwicklung in folgenden Arbeitspaketen umgesetzt:<\/p>\n<ul>\n<li>WP4: Data and Services Interoperable Cloud Creation (EE), Lead Research Studios Austria (RSA)<\/li>\n<li>WP5:\u00a0Data Technology Foundation, Lead Austrian Institute for Technology (AIT)<\/li>\n<li>WP6:\u00a0Service Technology Foundation, Lead Joanneum Research (JRS)<\/li>\n<li>WP7:\u00a0Brokering Technology Foundation, Lead Know Center (KC)<\/li>\n<\/ul>\n<\/div>","protected":false},"excerpt":{"rendered":"<p>Kern der Technologieentwicklung bzw. -integration im DMA Projekt,\u00a0sowie\u00a0der zugeh\u00f6rigen Forschungsagenden, ist die Bereitstellung verbundener Cloudsysteme durch entsprechende Technologieentwicklung f\u00fcr einen transparenten aber kontrollierten Zugriff auf die verteilten Services, sowie auf&#8230;  <a class=\"excerpt-read-more\" href=\"https:\/\/datamarket.at\/en\/datenmarkt-oesterreich\/technologie\/\" title=\"Read Technologie\">Read more &raquo;<\/a><\/p>\n","protected":false},"author":1,"featured_media":0,"parent":6,"menu_order":0,"comment_status":"closed","ping_status":"closed","template":"","meta":{"_monsterinsights_skip_tracking":false,"_monsterinsights_sitenote_active":false,"_monsterinsights_sitenote_note":"","_monsterinsights_sitenote_category":0,"footnotes":""},"class_list":["post-18","page","type-page","status-publish","hentry"],"translation":{"provider":"WPGlobus","version":"3.0.0","language":"en","enabled_languages":["de","en"],"languages":{"de":{"title":true,"content":true,"excerpt":false},"en":{"title":false,"content":false,"excerpt":false}}},"_links":{"self":[{"href":"https:\/\/datamarket.at\/en\/wp-json\/wp\/v2\/pages\/18","targetHints":{"allow":["GET"]}}],"collection":[{"href":"https:\/\/datamarket.at\/en\/wp-json\/wp\/v2\/pages"}],"about":[{"href":"https:\/\/datamarket.at\/en\/wp-json\/wp\/v2\/types\/page"}],"author":[{"embeddable":true,"href":"https:\/\/datamarket.at\/en\/wp-json\/wp\/v2\/users\/1"}],"replies":[{"embeddable":true,"href":"https:\/\/datamarket.at\/en\/wp-json\/wp\/v2\/comments?post=18"}],"version-history":[{"count":4,"href":"https:\/\/datamarket.at\/en\/wp-json\/wp\/v2\/pages\/18\/revisions"}],"predecessor-version":[{"id":547,"href":"https:\/\/datamarket.at\/en\/wp-json\/wp\/v2\/pages\/18\/revisions\/547"}],"up":[{"embeddable":true,"href":"https:\/\/datamarket.at\/en\/wp-json\/wp\/v2\/pages\/6"}],"wp:attachment":[{"href":"https:\/\/datamarket.at\/en\/wp-json\/wp\/v2\/media?parent=18"}],"curies":[{"name":"wp","href":"https:\/\/api.w.org\/{rel}","templated":true}]}}