{"id":1943,"date":"2018-03-30T08:12:02","date_gmt":"2018-03-30T08:12:02","guid":{"rendered":"https:\/\/datamarket.at\/?page_id=1943"},"modified":"2018-05-23T08:19:30","modified_gmt":"2018-05-23T08:19:30","slug":"materialien","status":"publish","type":"page","link":"https:\/\/datamarket.at\/en\/materialien\/","title":{"rendered":"Materialien"},"content":{"rendered":"<div class=\"pbs-main-wrapper\"><div class=\"pbs-row\">\n<div class=\"pbs-col\" style=\"flex-basis: 23.516%; padding-left: 0px; padding-top: 0px;\"><div id=\"media_image-2\" class=\"widget home-widget widget_media_image\"><h4 class=\"widgettitle\">Einreichfrist<\/h4><img loading=\"lazy\" decoding=\"async\" width=\"176\" height=\"200\" src=\"https:\/\/datamarket.at\/wp-content\/uploads\/2019\/02\/April-11-copy.png\" class=\"image wp-image-2562  attachment-full size-full\" alt=\"\" style=\"max-width: 100%; height: auto;\" \/><\/div><div id=\"custom_html-2\" class=\"widget_text widget home-widget widget_custom_html\"><h4 class=\"widgettitle\">Details<\/h4><div class=\"textwidget custom-html-widget\"><ul id=\"menu-footer-menu\" class=\"menu\">\r\n\t\t<li><a href=\"\/challenges\/\">Einleitung<\/a><\/li>\r\n\t<li><a href=\"\/ausschreibung-2018\/\">Ausschreibung<\/a><\/li>\r\n\t<li><a href=\"\/ausschreibungsschwerpunkte\/\">Challenges<\/a><\/li>\r\n\t<li><a href=\"\/stewards\/\">Data Stewards<\/a><\/li>\r\n\t\t<li><a href=\"\/your-letter-of-intent\/\">Letter of Intent<\/a><\/li>\r\n\t\t<li><a href=\"\/materialien\/\">Materialien<\/a><\/li>\r\n<li><a href=\"datenkatalog\/\">Datenkatalog<\/a><\/li>\r\n<\/ul><\/div><\/div><div id=\"custom_html-3\" class=\"widget_text widget home-widget widget_custom_html\"><h4 class=\"widgettitle\">Partner- programm<\/h4><div class=\"textwidget custom-html-widget\"><br>Mehr \u00fcber diese Ausschreibung erfahren Sie in unseren <b>Fireside Chats<\/b> - exclusiv f\u00fcr Partner. <a href=\"\/partnerprogramm\/\" target=\"_blank\">Werden Sie kostenfrei Mitglied<\/a>!<br><\/div><\/div><\/div>\n<div class=\"pbs-col\" style=\"flex-basis: 76.484%; padding-top: 0px;\">\n<p>Der DMA befindet sich aktuell in der Entwicklungsphase. Er bietet Basisfunktionalit\u00e4ten f\u00fcr das Bereitstellen und den Bezug von Daten. Die Funktionalit\u00e4ten werden im Zuge des weiteren Projektverlaufs anforderungsgerecht erg\u00e4nzt werden. Durch die Einbindung von neuen Projekten im Rahmen der Sondierungen k\u00f6nnen die ersten praxisgerechten Anwendungen erprobt werden und es erfolgt dadurch eine marktgerechte Weiterentwicklung des DMA bis zum geplanten Echtbetrieb.<\/p>\n<h3 style=\"margin-top: 2px;\">Arbeitsdokumente<\/h3>\n<div class=\"pbs-row\">\n<div class=\"pbs-col\" style=\"flex-basis: 33.33%;\">\n<div id=\"attachment_1954\" style=\"width: 226px\" class=\"wp-caption aligncenter\"><img loading=\"lazy\" decoding=\"async\" aria-describedby=\"caption-attachment-1954\" class=\"wp-image-1954 size-medium\" src=\"https:\/\/datamarket.at\/wp-content\/uploads\/2018\/03\/Bildschirmfoto-2018-03-30-um-11.19.17-216x300.png\" alt=\"\" width=\"216\" height=\"300\" srcset=\"https:\/\/datamarket.at\/wp-content\/uploads\/2018\/03\/Bildschirmfoto-2018-03-30-um-11.19.17-216x300.png 216w, https:\/\/datamarket.at\/wp-content\/uploads\/2018\/03\/Bildschirmfoto-2018-03-30-um-11.19.17.png 361w\" sizes=\"auto, (max-width: 216px) 100vw, 216px\" \/><p id=\"caption-attachment-1954\" class=\"wp-caption-text\">Building Blocks Desciptions<\/p><\/div>\n<\/div>\n<div class=\"pbs-col\" style=\"flex-basis: 33.33%;\">\n<div id=\"attachment_1955\" style=\"width: 227px\" class=\"wp-caption aligncenter\"><img loading=\"lazy\" decoding=\"async\" aria-describedby=\"caption-attachment-1955\" class=\"wp-image-1955 size-medium\" src=\"https:\/\/datamarket.at\/wp-content\/uploads\/2018\/03\/Bildschirmfoto-2018-03-30-um-11.18.55-217x300.png\" alt=\"\" width=\"217\" height=\"300\" srcset=\"https:\/\/datamarket.at\/wp-content\/uploads\/2018\/03\/Bildschirmfoto-2018-03-30-um-11.18.55-217x300.png 217w, https:\/\/datamarket.at\/wp-content\/uploads\/2018\/03\/Bildschirmfoto-2018-03-30-um-11.18.55.png 367w\" sizes=\"auto, (max-width: 217px) 100vw, 217px\" \/><p id=\"caption-attachment-1955\" class=\"wp-caption-text\">Building Blocks Use Cases<\/p><\/div>\n<\/div>\n<div class=\"pbs-col\" style=\"flex-basis: 33.33%;\">\n<div id=\"attachment_1953\" style=\"width: 220px\" class=\"wp-caption aligncenter\"><a href=\"https:\/\/datamarket.at\/wp-content\/uploads\/2018\/03\/DMA-Core-Overview-1.pdf\" xlink=\"href\"><img loading=\"lazy\" decoding=\"async\" aria-describedby=\"caption-attachment-1953\" class=\"size-medium wp-image-1953\" src=\"https:\/\/datamarket.at\/wp-content\/uploads\/2018\/03\/Bildschirmfoto-2018-03-30-um-11.19.35-210x300.png\" alt=\"\" width=\"210\" height=\"300\" srcset=\"https:\/\/datamarket.at\/wp-content\/uploads\/2018\/03\/Bildschirmfoto-2018-03-30-um-11.19.35-210x300.png 210w, https:\/\/datamarket.at\/wp-content\/uploads\/2018\/03\/Bildschirmfoto-2018-03-30-um-11.19.35.png 329w\" sizes=\"auto, (max-width: 210px) 100vw, 210px\" \/><\/a><p id=\"caption-attachment-1953\" class=\"wp-caption-text\">Core Vocabulary<\/p><\/div>\n<\/div>\n<\/div>\n<h3>Deliverables<\/h3>\n<ul>\n<li>D1.3\u00a0<a target=\"_blank\" href=\"https:\/\/datamarket.at\/wp-content\/uploads\/2017\/01\/DMA_D1.3_Data-Management-Plan_FINAL.pdf\" xlink=\"href\" rel=\"noopener\">Data Management Plan<\/a><\/li>\n<li>D2.1\u00a0<a href=\"https:\/\/datamarket.at\/wp-content\/uploads\/2017\/10\/D2.1-DMA-Community-Building-Coordination-Dissemination-Exploitation-Plan.pdf\" xlink=\"href\">Community Building Coordination Dissemination Exploitation Plan<\/a><\/li>\n<li>D2.2+D2.3\u00a0<a href=\"https:\/\/drive.google.com\/file\/d\/0B-i91j-qa52baXMyQXh0dzFub3c\/view?usp=sharing\" xlink=\"href\">Community-driven Data-Services Ecosystem Requirements<\/a><\/li>\n<li>D2.4\u00a0<a href=\"https:\/\/datamarket.at\/wp-content\/uploads\/2017\/01\/D2.4-First-Annual-report-on-Community-Building-Dissemination-Activities-for-review-1.pdf\" xlink=\"href\">First Annual report on Community Building &amp; Dissemination Activities<\/a><\/li>\n<li>D2.5\u00a0<a target=\"_blank\" href=\"https:\/\/datamarket.at\/wp-content\/uploads\/2017\/01\/D2.5-Start-up-Ecosystem-Plan-final-1.pdf\" xlink=\"href\" rel=\"noopener\">Start-up Ecosystem Plan<\/a><\/li>\n<li>D3.1\u00a0<a target=\"_blank\" href=\"https:\/\/drive.google.com\/drive\/folders\/1HXYK4CcB3ICU5sMW3BFOCtQn4aDxVYBx\" xlink=\"href\" rel=\"noopener\">First Report on Legal, Social and Cultural Aspects<\/a><\/li>\n<li>D3.2\u00a0<a target=\"_blank\" href=\"https:\/\/datamarket.at\/wp-content\/uploads\/2018\/01\/Deliverable_D3_2_Review_U%CC%88berarbeitet_GHi_KHe_2-1.pdf\" xlink=\"href\" rel=\"noopener\">First Report on Business Model Development<\/a><\/li>\n<li>D4.1\u00a0<a target=\"_blank\" href=\"https:\/\/datamarket.at\/wp-content\/uploads\/2017\/01\/DMA-Deliverable-4_1-V1.0-Final.pdf\" xlink=\"href\" rel=\"noopener\">First Version of the DMA Federated Cloud<\/a><\/li>\n<li>D5.1\u00a0<a href=\"https:\/\/datamarket.at\/wp-content\/uploads\/2017\/10\/DMA_D5.1_Data_Technology_Specification_and_Development_Roadmap_PUBLIC-2.pdf\" xlink=\"href\">Data_Technology_Specification_and_Development_Roadmap<\/a><\/li>\n<li>D5.2\u00a0<a href=\"https:\/\/datamarket.at\/wp-content\/uploads\/2017\/10\/DMA_D5.2_DMA_Blockchain_Design_PUBLIC-1.pdf\" xlink=\"href\">DMA_Blockchain_Design<\/a><\/li>\n<li>D5.3\u00a0<a target=\"_blank\" href=\"https:\/\/drive.google.com\/file\/d\/1PWMSW-OmKHgHWKjjfLgIGffRryVrRycZ\/view?usp=sharing\" xlink=\"href\" rel=\"noopener\">Initial Release of Foundational Data Technology Prototypes<\/a><\/li>\n<li>D6.1\u00a0<a href=\"https:\/\/datamarket.at\/wp-content\/uploads\/2017\/10\/DMA_Deliverable_D6.1_FINAL_v01.pdf\" xlink=\"href\">Service Technology Specification and Development Roadmap<\/a><\/li>\n<li>D6.2\u00a0<a target=\"_blank\" href=\"https:\/\/datamarket.at\/wp-content\/uploads\/2017\/01\/DMA-Deliverable-D6.2-v2.0.pdf\" xlink=\"href\" rel=\"noopener\">Initial Release of Foundational Service Technology Prototypes<\/a><\/li>\n<li>D7.1\u00a0<a href=\"https:\/\/datamarket.at\/wp-content\/uploads\/2017\/10\/DMA_D7.1_PUBLIC_FINAL-1.pdf\" xlink=\"href\">Broker and Assessment Technology Specification and Development Roadmap<\/a><\/li>\n<li>D8.1\u00a0<a target=\"_blank\" href=\"https:\/\/datamarket.at\/wp-content\/uploads\/2017\/01\/DMA-D8.1.pdf\" xlink=\"href\" rel=\"noopener\">Mobility Pilot-Specific Requirements<\/a><\/li>\n<\/ul>\n<\/div>\n<\/div>\n<div class=\"pbs-row\">\n<div class=\"pbs-col\" style=\"padding-left: 0px; padding-right: 0px;\"><\/div>\n<\/div>\n<\/div>","protected":false},"excerpt":{"rendered":"<p>Der DMA befindet sich aktuell in der Entwicklungsphase. Er bietet Basisfunktionalit\u00e4ten f\u00fcr das Bereitstellen und den Bezug von Daten. Die Funktionalit\u00e4ten werden im Zuge des weiteren Projektverlaufs anforderungsgerecht erg\u00e4nzt werden&#8230;.  <a class=\"excerpt-read-more\" href=\"https:\/\/datamarket.at\/en\/materialien\/\" title=\"Read Materialien\">Read more &raquo;<\/a><\/p>\n","protected":false},"author":1,"featured_media":0,"parent":0,"menu_order":0,"comment_status":"closed","ping_status":"closed","template":"","meta":{"_monsterinsights_skip_tracking":false,"_monsterinsights_sitenote_active":false,"_monsterinsights_sitenote_note":"","_monsterinsights_sitenote_category":0,"footnotes":""},"class_list":["post-1943","page","type-page","status-publish","hentry"],"translation":{"provider":"WPGlobus","version":"3.0.0","language":"en","enabled_languages":["de","en"],"languages":{"de":{"title":true,"content":true,"excerpt":false},"en":{"title":false,"content":false,"excerpt":false}}},"_links":{"self":[{"href":"https:\/\/datamarket.at\/en\/wp-json\/wp\/v2\/pages\/1943","targetHints":{"allow":["GET"]}}],"collection":[{"href":"https:\/\/datamarket.at\/en\/wp-json\/wp\/v2\/pages"}],"about":[{"href":"https:\/\/datamarket.at\/en\/wp-json\/wp\/v2\/types\/page"}],"author":[{"embeddable":true,"href":"https:\/\/datamarket.at\/en\/wp-json\/wp\/v2\/users\/1"}],"replies":[{"embeddable":true,"href":"https:\/\/datamarket.at\/en\/wp-json\/wp\/v2\/comments?post=1943"}],"version-history":[{"count":11,"href":"https:\/\/datamarket.at\/en\/wp-json\/wp\/v2\/pages\/1943\/revisions"}],"predecessor-version":[{"id":2188,"href":"https:\/\/datamarket.at\/en\/wp-json\/wp\/v2\/pages\/1943\/revisions\/2188"}],"wp:attachment":[{"href":"https:\/\/datamarket.at\/en\/wp-json\/wp\/v2\/media?parent=1943"}],"curies":[{"name":"wp","href":"https:\/\/api.w.org\/{rel}","templated":true}]}}