{"id":2,"date":"2016-10-03T13:02:25","date_gmt":"2016-10-03T13:02:25","guid":{"rendered":"https:\/\/datamarket.at\/?page_id=2"},"modified":"2016-10-06T10:00:56","modified_gmt":"2016-10-06T10:00:56","slug":"das-projekt","status":"publish","type":"page","link":"https:\/\/datamarket.at\/en\/das-projekt\/","title":{"rendered":"Das Projekt"},"content":{"rendered":"<div class=\"pbs-main-wrapper\"><h2>H2: This is heading level two and it is very long<\/h2>\n<p>Lorem ipsum dolor sit amet, consetetur sadipscing elitr, sed diam nonumy eirmod tempor invidunt ut labore et dolore magna aliquyam erat, sed diam voluptua. At vero eos et accusam et justo duo dolores et ea rebum. Stet clita kasd gubergren, no sea takimata <strong>Ich bin eine textliche Hervorhebung<\/strong> sanctus est Lorem ipsum dolor sit amet. Lorem ipsum dolor sit amet, consetetur sadipscing elitr, sed diam nonumy eirmod tempor <a href=\"#\">This is a link<\/a> invidunt ut labore et dolore magna aliquyam erat, sed diam voluptua. At vero eos et accusam et justo duo dolores et ea rebum. Stet clita kasd gubergren, no sea takimata r sit amet.<\/p>\n<p>No sea takimata Ich bin eine textliche Hervorhebung sanctus est Lorem ipsum dolor sit amet. Lorem ipsum dolor sit amet, consetetur saod tempor agna aliquyam erat, sed diam voluptua. At vero eos et accusam et justo duo dolores et ea rebum.<\/p>\n<h3>H3: This is heading level three <a href=\"#\">with a link<\/a><\/h3>\n<p>Sed ut perspiciatis unde omnis iste natus error sit voluptatem accusantium doloremque laudantium, totam rem aperiam, eaque ipsa quae ab illo inventore veritatis et quasi architecto beatae vitae dicta sunt explicabo. Nemo enim ipsam voluptatem quia voluptas sit aspernatur aut odit aut fugit, sed quia ceos qui ratione voluptatem sequi nesciunt.<\/p>\n<p><a class=\"red-btn\" href=\"#\">call to action<\/a><\/p>\n<ul>\n<li>Neque porro quisquam est, qui dolorem ipsum<\/li>\n<li>Quia dolor sit amet, consectetur, adipisci velit<\/li>\n<li>Sed quia non numquam eius modi tempora incidunt ut labore<\/li>\n<li>Et dolore magnam aliquam quaerat voluptatem.<\/li>\n<\/ul>\n<p>Sed ut perspiciatis unde omnis iste natus error sit voluptatem accusantium doloremque laudantium, totam rem aperiam, eaque ipsa qu\u00e6 ab illo inventore veritatis et quasi architecto beat\u00e6 vit\u00e6 dicta sunt explicabo. Nemo enim ipsam voluptatem quia voluptas sit aspernatur aut odit aut fugit, sed quia consequuntui ratione voluptatem sequi nesciunt.<\/p>\n<div id=\"attachment_75\" style=\"width: 690px\" class=\"wp-caption alignnone\"><img loading=\"lazy\" decoding=\"async\" aria-describedby=\"caption-attachment-75\" class=\"size-large wp-image-75\" src=\"https:\/\/datamarket.at\/wp-content\/uploads\/2016\/10\/486611924-1024x699.jpg\" alt=\"car on the road with motion blur background\" width=\"680\" height=\"464\" srcset=\"https:\/\/datamarket.at\/wp-content\/uploads\/2016\/10\/486611924-1024x699.jpg 1024w, https:\/\/datamarket.at\/wp-content\/uploads\/2016\/10\/486611924-300x205.jpg 300w, https:\/\/datamarket.at\/wp-content\/uploads\/2016\/10\/486611924-768x524.jpg 768w, https:\/\/datamarket.at\/wp-content\/uploads\/2016\/10\/486611924.jpg 2048w\" sizes=\"auto, (max-width: 680px) 100vw, 680px\" \/><p id=\"caption-attachment-75\" class=\"wp-caption-text\">car on the road with motion blur background<\/p><\/div>\n<h4>H4: This is heading level four<\/h4>\n<p>Ut enim ad minima veniam, quis nostrum exercitationem ullam corporis suscipit laboriosam, nisi ut aliquid ex ea commodi consequatur? Quis autem vel eum iure reprehenderit qui in ea voluptate velit esse quam nihil i dolorem eum fugiat quo voluptas nulla pariatur?<\/p>\n<\/div>","protected":false},"excerpt":{"rendered":"<p>H2: This is heading level two and it is very long Lorem ipsum dolor sit amet, consetetur sadipscing elitr, sed diam nonumy eirmod tempor invidunt ut labore et dolore magna&#8230;  <a class=\"excerpt-read-more\" href=\"https:\/\/datamarket.at\/en\/das-projekt\/\" title=\"Read Das Projekt\">Read more &raquo;<\/a><\/p>\n","protected":false},"author":1,"featured_media":0,"parent":0,"menu_order":0,"comment_status":"closed","ping_status":"open","template":"","meta":{"_monsterinsights_skip_tracking":false,"_monsterinsights_sitenote_active":false,"_monsterinsights_sitenote_note":"","_monsterinsights_sitenote_category":0,"footnotes":""},"class_list":["post-2","page","type-page","status-publish","hentry"],"translation":{"provider":"WPGlobus","version":"3.0.0","language":"en","enabled_languages":["de","en"],"languages":{"de":{"title":true,"content":true,"excerpt":false},"en":{"title":false,"content":false,"excerpt":false}}},"_links":{"self":[{"href":"https:\/\/datamarket.at\/en\/wp-json\/wp\/v2\/pages\/2","targetHints":{"allow":["GET"]}}],"collection":[{"href":"https:\/\/datamarket.at\/en\/wp-json\/wp\/v2\/pages"}],"about":[{"href":"https:\/\/datamarket.at\/en\/wp-json\/wp\/v2\/types\/page"}],"author":[{"embeddable":true,"href":"https:\/\/datamarket.at\/en\/wp-json\/wp\/v2\/users\/1"}],"replies":[{"embeddable":true,"href":"https:\/\/datamarket.at\/en\/wp-json\/wp\/v2\/comments?post=2"}],"version-history":[{"count":11,"href":"https:\/\/datamarket.at\/en\/wp-json\/wp\/v2\/pages\/2\/revisions"}],"predecessor-version":[{"id":518,"href":"https:\/\/datamarket.at\/en\/wp-json\/wp\/v2\/pages\/2\/revisions\/518"}],"wp:attachment":[{"href":"https:\/\/datamarket.at\/en\/wp-json\/wp\/v2\/media?parent=2"}],"curies":[{"name":"wp","href":"https:\/\/api.w.org\/{rel}","templated":true}]}}