{"id":20,"date":"2016-10-04T09:31:25","date_gmt":"2016-10-04T09:31:25","guid":{"rendered":"https:\/\/datamarket.at\/?page_id=20"},"modified":"2016-10-31T12:28:49","modified_gmt":"2016-10-31T12:28:49","slug":"business","status":"publish","type":"page","link":"https:\/\/datamarket.at\/en\/datenmarkt-oesterreich\/business\/","title":{"rendered":"Business"},"content":{"rendered":"<div class=\"pbs-main-wrapper\"><p><strong>Die heute verf\u00fcgbare Anzahl an Daten bzw. die t\u00e4glich produzierten Datenmengen<\/strong> haben eine bis dato ungeahnte Gr\u00f6\u00dfe angenommen \u2013 Daten sind zu einem Rohstoff geworden, welcher weltweit in beinahe jedem Industriesektor eine entscheidende Rolle spielt.<\/p>\n<p><strong>Daher ist ein florierender Datenmarkt bzw. ein funktionierendes Daten-Services \u00d6kosystem<\/strong> f\u00fcr \u00d6sterreich ein entscheidender Faktor f\u00fcr Besch\u00e4ftigung und Wachstum, sowie f\u00fcr nachhaltige gesellschaftliche Stabilit\u00e4t und Wohlstand! Daten und ein erfolgreicher Umgang mit diesen sind Kernbestandteil f\u00fcr Erfolg und Wettbewerbsvorteil in vielen Industriesektoren, Wertsch\u00f6pfungsketten bzw. organisatorischen Prozessen und damit ein entscheidender Faktor f\u00fcr Produktion, neben Arbeit und Kapital!<\/p>\n<p><strong>In \u00d6sterreich sind die Anforderungen f\u00fcr ein erfolgreiches datengetriebenes Business nicht ausreichend erhoben. <\/strong>Hinsichtlich regulativer &amp; rechtlicher, technologischer, wirtschaftlicher, forschungsrelevanter oder gesellschaftliche Belange, und die vorhandenen Erfolgsbeispiele sind nicht sichtbar. Bestehende Daten-Infrastrukturen sind nicht bzw. nicht ausreichend verbunden oder integriert, die Qualit\u00e4t existierender Daten ist oft schlecht und eine effiziente Datennutzung ist auf Grund fehlender Interoperabilit\u00e4t nur mit einem hohen Aufwand und damit hohen verbundenen Kosten m\u00f6glich.<\/p>\n<p><strong>Die Bereiche<\/strong>: Business(modelle), regulativer &amp; rechtlicher Rahmen, sowie wirtschaftliche und gesellschaftliche Belange und schlie\u00dflich Bildung &amp; Ausbildung (Stichwort Data Literacy) werden im DMA Projekt vor allem im Arbeitspaket 3 bearbeitet bzw. erarbeitet:<\/p>\n<ul>\n<li>WP3: Business, Legal and Societal Research Issues, Lead Donauuniversit\u00e4t Krems (DUK)<\/li>\n<\/ul>\n<p><strong>Bei Projektende erwartet das Konsortium\u00a0ein funktionierendes Daten-Services \u00d6kosystem in \u00d6sterreich<\/strong>, welches von 3 Projektpartnern auf \u00f6sterreichischen Cloud-Infrastrukturen erfolgreich betrieben wird, und auf den, im Projekt neu geschaffenen, innovativen Technologien, rechtlichen Rahmenbedingungen und neuartigen Gesch\u00e4ftsmodellen aufbaut.<\/p>\n<p><strong>Zum Anschub der Nutzung des DMA und der \u00f6sterreichischen Datenwirtschaft<\/strong> an sich, ist ein\u00a0Startup- und KMU Programm nach 1.5-2 Jahren DMA Projektlaufzeit geplant, welches\u00a0weiters dazu beitragen wird, die Nutzung des \u00d6kosystems durch entsprechend Erfolgsgeschichten voranzutreiben und zu demonstrieren.<\/p>\n<\/div>","protected":false},"excerpt":{"rendered":"<p>Die heute verf\u00fcgbare Anzahl an Daten bzw. die t\u00e4glich produzierten Datenmengen haben eine bis dato ungeahnte Gr\u00f6\u00dfe angenommen \u2013 Daten sind zu einem Rohstoff geworden, welcher weltweit in beinahe jedem&#8230;  <a class=\"excerpt-read-more\" href=\"https:\/\/datamarket.at\/en\/datenmarkt-oesterreich\/business\/\" title=\"Read Business\">Read more &raquo;<\/a><\/p>\n","protected":false},"author":1,"featured_media":0,"parent":6,"menu_order":0,"comment_status":"closed","ping_status":"closed","template":"","meta":{"_monsterinsights_skip_tracking":false,"_monsterinsights_sitenote_active":false,"_monsterinsights_sitenote_note":"","_monsterinsights_sitenote_category":0,"footnotes":""},"class_list":["post-20","page","type-page","status-publish","hentry"],"translation":{"provider":"WPGlobus","version":"3.0.0","language":"en","enabled_languages":["de","en"],"languages":{"de":{"title":true,"content":true,"excerpt":false},"en":{"title":false,"content":false,"excerpt":false}}},"_links":{"self":[{"href":"https:\/\/datamarket.at\/en\/wp-json\/wp\/v2\/pages\/20","targetHints":{"allow":["GET"]}}],"collection":[{"href":"https:\/\/datamarket.at\/en\/wp-json\/wp\/v2\/pages"}],"about":[{"href":"https:\/\/datamarket.at\/en\/wp-json\/wp\/v2\/types\/page"}],"author":[{"embeddable":true,"href":"https:\/\/datamarket.at\/en\/wp-json\/wp\/v2\/users\/1"}],"replies":[{"embeddable":true,"href":"https:\/\/datamarket.at\/en\/wp-json\/wp\/v2\/comments?post=20"}],"version-history":[{"count":3,"href":"https:\/\/datamarket.at\/en\/wp-json\/wp\/v2\/pages\/20\/revisions"}],"predecessor-version":[{"id":550,"href":"https:\/\/datamarket.at\/en\/wp-json\/wp\/v2\/pages\/20\/revisions\/550"}],"up":[{"embeddable":true,"href":"https:\/\/datamarket.at\/en\/wp-json\/wp\/v2\/pages\/6"}],"wp:attachment":[{"href":"https:\/\/datamarket.at\/en\/wp-json\/wp\/v2\/media?parent=20"}],"curies":[{"name":"wp","href":"https:\/\/api.w.org\/{rel}","templated":true}]}}