{"id":56,"date":"2016-10-04T16:09:07","date_gmt":"2016-10-04T16:09:07","guid":{"rendered":"https:\/\/datamarket.at\/?page_id=56"},"modified":"2021-11-30T11:59:14","modified_gmt":"2021-11-30T11:59:14","slug":"home","status":"publish","type":"page","link":"https:\/\/datamarket.at\/en\/","title":{"rendered":"Home"},"content":{"rendered":"<div class=\"pbs-main-wrapper\"><div class=\"columnwrapper\">\n<div class=\"column1 home-about m-all t-all d-1of2 cf no-padding\">\n<h3>Data Market Austria<\/h3>\n<p>Ein florierender Datenmarkt und ein funktionierendes Daten-Services \u00d6kosystem f\u00fcr \u00d6sterreich ist entscheidender Faktor f\u00fcr Besch\u00e4ftigung und Wachstum sowie f\u00fcr nachhaltige gesellschaftliche Stabilit\u00e4t und Wohlstand. Das Data Market Austria Projekt pionierte ein Daten-Services \u00d6kosystem in \u00d6sterreich durch die Schaffung einer deutlich verbesserten Technologiebasis f\u00fcr sichere Datenm\u00e4rkte und Cloud-Interoperabilit\u00e4t und die Etablierung eines Daten-Innovationsumfeldes.<\/p>\n<p>Das Pilotprojet \u201cData Market Austria\u201d wurde im <span style=\"font-weight: bold; text-decoration: underline;\">August 2019 abgeschlossen,<\/span> <span style=\"text-decoration: none;\">die <a href=\"https:\/\/datamarket.at\/ergebnisse-berichte\/\" xlink=\"href\">Ergebnisse<\/a> stehen f\u00fcr die weitere Entwicklung des Sektors frei zur Verf\u00fcgung.<\/span><\/p>\n<a class=\"fancybox image\" href=\"https:\/\/datamarket.at\/wp-content\/uploads\/2016\/10\/dma_infographic_white-german.png\" xlink=\"href\"><img loading=\"lazy\" decoding=\"async\" class=\"size-full wp-image-565 aligncenter\" src=\"https:\/\/datamarket.at\/wp-content\/uploads\/2016\/10\/dma_infographic_white-german.png\" alt=\"dma_infographic_white-german\" width=\"550\" height=\"387\" srcset=\"https:\/\/datamarket.at\/wp-content\/uploads\/2016\/10\/dma_infographic_white-german.png 1200w, https:\/\/datamarket.at\/wp-content\/uploads\/2016\/10\/dma_infographic_white-german-300x211.png 300w, https:\/\/datamarket.at\/wp-content\/uploads\/2016\/10\/dma_infographic_white-german-768x541.png 768w, https:\/\/datamarket.at\/wp-content\/uploads\/2016\/10\/dma_infographic_white-german-1024x721.png 1024w\" sizes=\"auto, (max-width: 550px) 100vw, 550px\" \/><\/a>\n<p style=\"margin-bottom: 0;\"><a class=\"red-btn\" style=\"margin-bottom: 0;\" href=\"https:\/\/datamarket.at\/das-projekt\/ueber-dma\/\" xlink=\"href\">weiterlesen<\/a><\/p>\n<\/div>\n<div class=\"column2 m-all t-all d-1of2 cf no-padding\">\n<div class=\"row\">\n<div class=\"widget-home widget-news\">\n<h3>News<\/h3>\n<ul class=\"display-posts-listing\"><li class=\"listing-item\"><a class=\"title\" href=\"https:\/\/datamarket.at\/en\/2020\/09\/14\/trusts-innovationen-fuer-einen-pan-europaeischen-datenmarkt\/\">TRUSTS: Innovating European data markets through trust, security, and federation<\/a> <span class=\"date\">September 14, 2020<\/span> <span class=\"author\">by Datamarket<\/span><\/li><li class=\"listing-item\"><a class=\"title\" href=\"https:\/\/datamarket.at\/en\/2019\/08\/28\/jetzt-anmelden-final-event-zum-data-market-austria-leitprojekt\/\">Jetzt anmelden: Final Event zum Data Market Austria Leitprojekt<\/a> <span class=\"date\">August 28, 2019<\/span> <span class=\"author\">by Datamarket<\/span><\/li><li class=\"listing-item\"><a class=\"title\" href=\"https:\/\/datamarket.at\/en\/2019\/02\/19\/plenary\/\">DMA\u2019s sechste Vollversammlung<\/a> <span class=\"date\">February 19, 2019<\/span> <span class=\"author\">by Clara Landler<\/span><\/li><\/ul>\n<p><a class=\"white-btn\" href=\"https:\/\/datamarket.at\/news\/\" xlink=\"href\">alle News<\/a><\/p>\n<\/div>\n<div class=\"widget-home widget-events\">\n<h3>Events<\/h3>\n<p><a class=\"red-btn\" href=\"https:\/\/datamarket.at\/events\/\" xlink=\"href\">alte Events<\/a><\/p>\n<\/div>\n<\/div>\n<\/div>\n<div class=\"column2 m-all t-all d-1of2 cf no-padding\">\n<div class=\"row\">\n<div class=\"widget-home widget-video\"><style type='text\/css'>\r\n\t\t\t\r\n\t\t\t\t\t\r\n\t\t\t\r\n\t\t\t\t\r\n\t\t\t#dma-highlightpjc-slideshow .frs-slider-nav { display:none !important; }\t\r\n\t\t\t#dma-highlightpjc .frs-wrapper .frs-caption {\r\n\t\t\t\tdisplay:none;\r\n\t\t\t}\r\n\t\t\t#dma-highlightpjc-slideshow .frs-caption h4, #dma-highlightpjc-slideshow .frs-caption-inner h4{\r\n\t\t\t\tfont-size:0px;\r\n\t\t\t    margin:0px;\t\t\r\n\t\t\t}\r\n\t\t\t#dma-highlightpjc-slideshow .frs-caption p, #dma-highlightpjc-slideshow .frs-caption-inner p{\r\n\t\t\t    margin:0px;\t\t\r\n\t\t\t    font-size:0px;\r\n\t\t\t}\r\n\t\t\t.frs-slideshow-container span.frs-caption {\r\n\t\t\t\theight: 0px !important;\r\n\t\t\t\tposition: absolute;\r\n\t\t\t}\r\n\t\t\t.frs-caption-content div h1, .frs-caption-content div h2, .frs-caption-content div h3, .frs-caption-content div h4, .frs-caption-content div p {\r\n\t\t\t\tcolor: inherit !important;\r\n\t\t\t\ttext-align: inherit !important;\r\n\t\t\t\tline-height: 1.5;\r\n\t\t\t}\r\n\t\t\t#dma-highlightpjc .frs-wrapper .frs-bullets-wrapper{ display:none !important; height:0px !important; }\r\n\t\t<\/style><link rel='stylesheet' href='https:\/\/datamarket.at\/wp-content\/plugins\/fluid-responsive-slideshow\/buttons\/frs-buttonskin-white.css' type='text\/css'><style>.frs-slideshow-container#dma-highlightpjc {\r\n\tmargin-top: 0px;\r\n\tmargin-bottom: 0px;\r\n}<\/style><!-- Slideshow generated using Fluid-Responsive-Slideshow, https:\/\/www.tonjoostudio.com\/addons\/fluid-responsive-slideshow\/ -->\r\n\t\t<script type='text\/javascript'>\r\n\t\t\tjQuery(document).ready(function($) {\r\n\t\t\t\t$('#dma-highlightpjc').frs({\r\n\t\t\t\t\tanimation : 'horizontal-slide', \/\/ horizontal-slide, vertical-slide, fade\r\n\t\t\t\t\tanimationSpeed :  800, \/\/ how fast animtions are\r\n\t\t\t\t\ttimer :  true, \/\/ true or false to have the timer\r\n\t\t\t\t\tadvanceSpeed :   2500, \/\/ if timer is enabled, time between transitions\r\n\t\t\t\t\tpauseOnHover : false, \/\/ if you hover pauses the slider\r\n\t\t\t\t\tstartClockOnMouseOut :  false, \/\/ if clock should start on MouseOut\r\n\t\t\t\t\tstartClockOnMouseOutAfter :  800, \/\/ how long after MouseOut should the timer start again\r\n\t\t\t\t\tdirectionalNav : true, \/\/ manual advancing directional navs\r\n\t\t\t\t\tcaptions : true, \/\/ do you want captions?\r\n\t\t\t\t\tcaptionAnimation : 'fade', \/\/ fade, slideOpen, none\r\n\t\t\t\t\tcaptionAnimationSpeed : 800, \/\/ if so how quickly should they animate in\r\n\t\t\t\t\tbullets :  true, \/\/ true or false to activate the bullet navigation\r\n\t\t\t\t\tbulletThumbs : true, \/\/ thumbnails for the bullets\r\n\t\t\t\t\tbulletThumbLocation : '', \/\/ location from this file where thumbs will be\r\n\t\t\t\t\tnavigationSmallTreshold:  false,\r\n\t\t\t\t\tnavigationSmall: 600,\r\n\t\t\t\t\tskinClass: 'frs-skin-default',\r\n\t\t\t\t\twidth: 650,\r\n\t\t\t\t\theight: 450,\r\n\t\t\t\t\tfullWidth: true,\r\n\t\t\t\t\tminHeight: 300,\r\n\t\t\t\t\tmaxHeight: 0,\r\n\t\t\t\t\tsbullets: false,\r\n\t\t\t\t\tsbulletsItemWidth: 200,\r\n\t\t\t\t\tcontinousSliding: false,\r\n\t\t\t\t\tjsOnly: false\r\n\t\t\t\t});\t\t\r\n\t\t\t\t\t\t\r\n\t\t\t\t\/**\r\n\t\t\t\t * touchSwipe\r\n\t\t\t\t *\/\r\n\t\t\t\t$('#dma-highlightpjc-slideshow .frs-slide-img').swipe( \r\n\t\t\t\t{\r\n\t\t\t        swipeLeft:function(event, direction, distance, duration, fingerCount) {\r\n\t\t\t\t\t\t$('#dma-highlightpjc-slideshow .frs-slider-nav .frs-arrow-right').click();\t\t\t\t\t\t\r\n\t\t\t\t\t},\r\n\r\n\t\t\t\t\tswipeRight:function(event, direction, distance, duration, fingerCount) {\r\n\t\t\t\t\t\t$('#dma-highlightpjc-slideshow .frs-slider-nav .frs-arrow-left').click();\r\n\t\t\t\t\t},\r\n\r\n\t\t\t        triggerOnTouchLeave:true\r\n\t\t\t    });\r\n\t\t\t})\t\t\r\n\t\t<\/script>\r\n\t\t<!--[if lt IE 9]>\r\n\t\t\t<style type='text\/css'>\r\n\t\t\t#dma-highlightpjc-slideshow .frs-timer { display: none !important; }\r\n\t\t\t#dma-highlightpjc-slideshow div.caption { background:transparent; filter:progid:DXImageTransform.Microsoft.gradient(startColorstr=#99000000,endColorstr=#99000000);zoom: 1; }\r\n\t\t\t<\/style>\r\n\t\t<![endif]--><div class='frs-slideshow-container' id='dma-highlightpjc'><div class='frs-slide-img-wrapper' style='display:none;'><div class='frs-slide-img' style = 'display:none;background:#000000' ><img alt='Highlight1' src='https:\/\/datamarket.at\/wp-content\/uploads\/2019\/09\/48759053152_80977e60d2_c.jpg' \/><\/div><div class='frs-slide-img' style = 'display:none;background:#000000' ><img alt='Highlight2' src='https:\/\/datamarket.at\/wp-content\/uploads\/2019\/09\/48759086462_1bf0f3abb5_c.jpg' \/><\/div><div class='frs-slide-img' style = 'display:none;background:#000000' ><img alt='Highlight3' src='https:\/\/datamarket.at\/wp-content\/uploads\/2019\/09\/48758864771_8524d5bbde_c.jpg' \/><\/div><div class='frs-slide-img' style = 'display:none;background:#000000' ><img alt='Highlight4' src='https:\/\/datamarket.at\/wp-content\/uploads\/2019\/09\/48759059457_b622b5fd51_c-1.jpg' \/><\/div><div class='frs-slide-img' style = 'display:none;background:#000000' ><img alt='Hightlight5' src='https:\/\/datamarket.at\/wp-content\/uploads\/2019\/09\/48758868581_24b88a5242_c.jpg' \/><\/div><div class='frs-slide-img' style = 'display:none;background:#000000' ><img alt='Highlight7' src='https:\/\/datamarket.at\/wp-content\/uploads\/2019\/09\/48758873346_1ed5a3361e_c.jpg' \/><\/div><div class='frs-slide-img' style = 'display:none;background:#000000' ><img alt='Highlight8' src='https:\/\/datamarket.at\/wp-content\/uploads\/2019\/09\/45481289435_f02f044d0f_c.jpg' \/><\/div><div class='frs-slide-img' style = 'display:none;background:#000000' ><img alt='Highlight9' src='https:\/\/datamarket.at\/wp-content\/uploads\/2019\/09\/48758540378_9d3d9eeee7_c.jpg' \/><\/div><\/div><\/div><script type='text\/javascript'>jQuery(document).ready(function($){})<\/script><\/div>\n<\/div>\n<\/div>\n<div class=\"m-all t-all d-all cf no-padding\">\n<div class=\"row\">\n<div class=\"widget-home widget-slideshow\"><style type='text\/css'>\r\n\t\t\t#topicspjc-slideshow .frs-timer { display: none !important; }\r\n\t\t\t\t\t\r\n\t\t\t\r\n\t\t\t\t\r\n\t\t\t\t\r\n\t\t\t#topicspjc .frs-wrapper .frs-caption {\r\n\t\t\t\tdisplay:none;\r\n\t\t\t}\r\n\t\t\t#topicspjc-slideshow .frs-caption h4, #topicspjc-slideshow .frs-caption-inner h4{\r\n\t\t\t\tfont-size:30px;\r\n\t\t\t    margin:0px;\t\t\r\n\t\t\t}\r\n\t\t\t#topicspjc-slideshow .frs-caption p, #topicspjc-slideshow .frs-caption-inner p{\r\n\t\t\t    margin:0px;\t\t\r\n\t\t\t    font-size:20px;\r\n\t\t\t}\r\n\t\t\t.frs-slideshow-container span.frs-caption {\r\n\t\t\t\theight: 0px !important;\r\n\t\t\t\tposition: absolute;\r\n\t\t\t}\r\n\t\t\t.frs-caption-content div h1, .frs-caption-content div h2, .frs-caption-content div h3, .frs-caption-content div h4, .frs-caption-content div p {\r\n\t\t\t\tcolor: inherit !important;\r\n\t\t\t\ttext-align: inherit !important;\r\n\t\t\t\tline-height: 1.5;\r\n\t\t\t}\r\n\t\t\t#topicspjc .frs-wrapper .frs-bullets-wrapper{ display:none !important; height:0px !important; }\r\n\t\t<\/style><link rel='stylesheet' href='https:\/\/datamarket.at\/wp-content\/plugins\/fluid-responsive-slideshow\/buttons\/frs-buttonskin-white.css' type='text\/css'><style>.frs-slideshow-container#topicspjc {\r\n\tmargin-top: 0;\r\n\tmargin-bottom: 0;\r\n}\r\n\r\n.frs-slideshow-nav-bullets{\r\n    border-radius:50%;\r\n    margin-left: 7px !important;\r\n    height: 12px !important;\r\n    width:12px !important;\r\n    font-size:0 !important;\r\n}\r\n\r\np.frs-caption-button.frs-buttonskin-white a span{\r\npadding: 5px 10px 3px;\r\n}\r\np.frs-caption-button.frs-buttonskin-white a:hover span{\r\n    color:#c8414b !important;\r\n}\r\n\r\n.frs-slideshow-container .white-btn {\r\n    line-height: 29px;\r\n    padding-top: 3px;\r\n    margin-left:0;\r\n    margin-right:0;\r\n}\r\n<\/style><!-- Slideshow generated using Fluid-Responsive-Slideshow, https:\/\/www.tonjoostudio.com\/addons\/fluid-responsive-slideshow\/ -->\r\n\t\t<script type='text\/javascript'>\r\n\t\t\tjQuery(document).ready(function($) {\r\n\t\t\t\t$('#topicspjc').frs({\r\n\t\t\t\t\tanimation : 'fade', \/\/ horizontal-slide, vertical-slide, fade\r\n\t\t\t\t\tanimationSpeed :  700, \/\/ how fast animtions are\r\n\t\t\t\t\ttimer :  true, \/\/ true or false to have the timer\r\n\t\t\t\t\tadvanceSpeed :   4500, \/\/ if timer is enabled, time between transitions\r\n\t\t\t\t\tpauseOnHover : true, \/\/ if you hover pauses the slider\r\n\t\t\t\t\tstartClockOnMouseOut :  true, \/\/ if clock should start on MouseOut\r\n\t\t\t\t\tstartClockOnMouseOutAfter :  600, \/\/ how long after MouseOut should the timer start again\r\n\t\t\t\t\tdirectionalNav : true, \/\/ manual advancing directional navs\r\n\t\t\t\t\tcaptions : true, \/\/ do you want captions?\r\n\t\t\t\t\tcaptionAnimation : 'fade', \/\/ fade, slideOpen, none\r\n\t\t\t\t\tcaptionAnimationSpeed : 800, \/\/ if so how quickly should they animate in\r\n\t\t\t\t\tbullets :  true, \/\/ true or false to activate the bullet navigation\r\n\t\t\t\t\tbulletThumbs : true, \/\/ thumbnails for the bullets\r\n\t\t\t\t\tbulletThumbLocation : '', \/\/ location from this file where thumbs will be\r\n\t\t\t\t\tnavigationSmallTreshold:  false,\r\n\t\t\t\t\tnavigationSmall: 600,\r\n\t\t\t\t\tskinClass: 'frs-skin-elegant',\r\n\t\t\t\t\twidth: 720,\r\n\t\t\t\t\theight: 450,\r\n\t\t\t\t\tfullWidth: true,\r\n\t\t\t\t\tminHeight: 300,\r\n\t\t\t\t\tmaxHeight: 455,\r\n\t\t\t\t\tsbullets: false,\r\n\t\t\t\t\tsbulletsItemWidth: 200,\r\n\t\t\t\t\tcontinousSliding: false,\r\n\t\t\t\t\tjsOnly: false\r\n\t\t\t\t});\t\t\r\n\t\t\t\t\t\t\r\n\t\t\t\t\/**\r\n\t\t\t\t * touchSwipe\r\n\t\t\t\t *\/\r\n\t\t\t\t$('#topicspjc-slideshow .frs-slide-img').swipe( \r\n\t\t\t\t{\r\n\t\t\t        swipeLeft:function(event, direction, distance, duration, fingerCount) {\r\n\t\t\t\t\t\t$('#topicspjc-slideshow .frs-slider-nav .frs-arrow-right').click();\t\t\t\t\t\t\r\n\t\t\t\t\t},\r\n\r\n\t\t\t\t\tswipeRight:function(event, direction, distance, duration, fingerCount) {\r\n\t\t\t\t\t\t$('#topicspjc-slideshow .frs-slider-nav .frs-arrow-left').click();\r\n\t\t\t\t\t},\r\n\r\n\t\t\t        triggerOnTouchLeave:true\r\n\t\t\t    });\r\n\t\t\t})\t\t\r\n\t\t<\/script>\r\n\t\t<!--[if lt IE 9]>\r\n\t\t\t<style type='text\/css'>\r\n\t\t\t#topicspjc-slideshow .frs-timer { display: none !important; }\r\n\t\t\t#topicspjc-slideshow div.caption { background:transparent; filter:progid:DXImageTransform.Microsoft.gradient(startColorstr=#99000000,endColorstr=#99000000);zoom: 1; }\r\n\t\t\t<\/style>\r\n\t\t<![endif]--><div class='frs-slideshow-container' id='topicspjc'><div class='frs-slide-img-wrapper' style='display:none;'><div class='frs-slide-img' style = 'display:none;background:#000000' ><img alt='Industrie 4.0' src='https:\/\/datamarket.at\/wp-content\/uploads\/2016\/10\/iStock_4026118_LARGE-e1486119274852.jpg' \/><div class='frs-caption frs-caption-position-center' style='display: block;' id='captiontopicspjc'><div class='frs-caption-outer' style='height:100%;width:100%;display:table;'><div class='frs-caption-inner' style='text-align:center; height:100%;display:table-cell;'><div class='frs-caption-content' style='width: 75%; background: none !important; padding:25px 25px 25px 25px;'><h4 style='text-align:center; color:#ffffff;'>Industrie 4.0<\/h4><div style='text-align:center; color:#ffffff;'><div class=\"pbs-main-wrapper\"><p><a class=\"white-btn\" href=\"https:\/\/datamarket.at\/industry-4-0\/\" xlink=\"href\">read more<\/a><\/p>\n<\/div><\/div><\/div><\/div><\/div><\/div><\/div><div class='frs-slide-img' style = 'display:none;background:#000000' ><img alt='Mobility' src='https:\/\/datamarket.at\/wp-content\/uploads\/2016\/10\/iStock_73291901_LARGE-e1486119418739.jpg' \/><div class='frs-caption frs-caption-position-center' style='display: block;' id='captiontopicspjc'><div class='frs-caption-outer' style='height:100%;width:100%;display:table;'><div class='frs-caption-inner' style='text-align:center; height:100%;display:table-cell;'><div class='frs-caption-content' style='width: 75%; background: none !important; padding:25px 25px 25px 25px;'><h4 style='text-align:center; color:#ffffff;'>Mobility<\/h4><div style='text-align:center; color:#ffffff;'><div class=\"pbs-main-wrapper\"><p><a class=\"white-btn\" href=\"https:\/\/datamarket.at\/mobility\/\" xlink=\"href\">read more<\/a><\/p>\n<\/div><\/div><\/div><\/div><\/div><\/div><\/div><div class='frs-slide-img' style = 'display:none;background:#000000' ><img alt='Earth Observation' src='https:\/\/datamarket.at\/wp-content\/uploads\/2016\/10\/iStock_66256777_LARGE-1-e1486119391438.jpg' \/><div class='frs-caption frs-caption-position-center' style='display: block;' id='captiontopicspjc'><div class='frs-caption-outer' style='height:100%;width:100%;display:table;'><div class='frs-caption-inner' style='text-align:center; height:100%;display:table-cell;'><div class='frs-caption-content' style='width: 75%; background: none !important; padding:25px 5px 25px 5px;'><h4 style='text-align:center; color:#ffffff;'>Earth Observation<\/h4><div style='text-align:center; color:#ffffff;'><div class=\"pbs-main-wrapper\"><p><a class=\"white-btn\" href=\"https:\/\/datamarket.at\/earth-observation\/\" xlink=\"href\">read more<\/a><\/p>\n<\/div><\/div><\/div><\/div><\/div><\/div><\/div><div class='frs-slide-img' style = 'display:none;background:#000000' ><img alt='Assisted Living' src='https:\/\/datamarket.at\/wp-content\/uploads\/2016\/10\/assited-living-e1486119368669.jpg' \/><div class='frs-caption frs-caption-position-center' style='display: block;' id='captiontopicspjc'><div class='frs-caption-outer' style='height:100%;width:100%;display:table;'><div class='frs-caption-inner' style='text-align:center; height:100%;display:table-cell;'><div class='frs-caption-content' style='width: 75%; background: none !important; padding:25px 25px 25px 25px;'><h4 style='text-align:center; color:#ffffff;'>Assisted Living<\/h4><div style='text-align:center; color:#ffffff;'><div class=\"pbs-main-wrapper\"><p><a class=\"white-btn\" href=\"https:\/\/datamarket.at\/ambient-assisted-living\/\" xlink=\"href\">read more<\/a><\/p>\n<\/div><\/div><\/div><\/div><\/div><\/div><\/div><div class='frs-slide-img' style = 'display:none;background:#000000' ><img alt='Energy' src='https:\/\/datamarket.at\/wp-content\/uploads\/2016\/10\/iStock_48181586_XLARGE-e1486119343873.jpg' \/><div class='frs-caption frs-caption-position-center' style='display: block;' id='captiontopicspjc'><div class='frs-caption-outer' style='height:100%;width:100%;display:table;'><div class='frs-caption-inner' style='text-align:center; height:100%;display:table-cell;'><div class='frs-caption-content' style='width: 75%; background: none !important; padding:25px 25px 25px 25px;'><h4 style='text-align:center; color:#ffffff;'>Energy<\/h4><div style='text-align:center; color:#ffffff;'><div class=\"pbs-main-wrapper\"><p><a class=\"white-btn\" href=\"https:\/\/datamarket.at\/energy\/\" xlink=\"href\">read more<\/a><\/p>\n<\/div><\/div><\/div><\/div><\/div><\/div><\/div><\/div><\/div><script type='text\/javascript'>jQuery(document).ready(function($){$('#topicspjc-slideshow .frs-bullets-wrapper li.frs-slideshow-nav-bullets').eq(0).html(\"1\");$('#topicspjc-slideshow .frs-bullets-wrapper li.frs-slideshow-nav-bullets').eq(1).html(\"2\");$('#topicspjc-slideshow .frs-bullets-wrapper li.frs-slideshow-nav-bullets').eq(2).html(\"3\");$('#topicspjc-slideshow .frs-bullets-wrapper li.frs-slideshow-nav-bullets').eq(3).html(\"4\");$('#topicspjc-slideshow .frs-bullets-wrapper li.frs-slideshow-nav-bullets').eq(4).html(\"5\");})<\/script><\/div>\n<div class=\"widget-home widget-featured-news\">\n<h3>Featured<\/h3>\n<ul class=\"display-posts-listing\"><li class=\"listing-item\"><a class=\"title\" href=\"https:\/\/datamarket.at\/en\/2020\/09\/14\/trusts-innovationen-fuer-einen-pan-europaeischen-datenmarkt\/\">TRUSTS: Innovating European data markets through trust, security, and federation<\/a> <span class=\"date\">September 14, 2020<\/span> <span class=\"author\">by Datamarket<\/span> <span class=\"excerpt-dash\">-<\/span> <span class=\"excerpt\">{:de} EU-Kommission initiiert eine europaweite Gesamtl\u00f6sung f\u00fcr Datenfragen der Zukunft auf Basis von Vertrauen, Sicherheit und f\u00f6derierten Systemen \u2013 Data Intelligence Offensive leitet die Kommunikation und Dissemination. Der Datenaustausch pr\u00e4gt&hellip; <a class=\"excerpt-more\" href=\"https:\/\/datamarket.at\/en\/2020\/09\/14\/trusts-innovationen-fuer-einen-pan-europaeischen-datenmarkt\/\">weiterlesen<\/a><\/span><\/li><\/ul>\n<\/div>\n<div class=\"widget-home widget-twitter\">\n<h3>Twitter<\/h3>\n\n<!-- Custom Twitter Feeds by Smash Balloon -->\n<div id=\"ctf\" class=\"ctf ctf-type-usertimeline ctf-rebranded ctf-feed-1  ctf-styles ctf-list ctf-regular-style ctf-fixed-height\"   data-ctfshortcode=\"{&quot;feed&quot;:1}\"   data-ctfdisablelinks=\"false\" data-ctflinktextcolor=\"#ffffff\" data-header-size=\"small\" data-feedid=\"1\" data-postid=\"2785\"  data-feed=\"1\" data-ctf-flags=\"gdpr\" data-ctfintents=\"1\"  data-ctfneeded=\"0\">\n            <div id=\"ctf\" class=\"ctf\">\n            <div class=\"ctf-error\">\n                <div class=\"ctf-error-user\">\n\t\t\t\t\tTwitter feed is not available at the moment.                <\/div>\n            <\/div>\n        <\/div>\n\t\t    <div class=\"ctf-tweets\">\n   \t\t    <\/div>\n    \n<\/div>\n\n<\/div>\n<\/div>\n<\/div>\n<\/div>\n<\/div>","protected":false},"excerpt":{"rendered":"<p>Data Market Austria Ein florierender Datenmarkt und ein funktionierendes Daten-Services \u00d6kosystem f\u00fcr \u00d6sterreich ist entscheidender Faktor f\u00fcr Besch\u00e4ftigung und Wachstum sowie f\u00fcr nachhaltige gesellschaftliche Stabilit\u00e4t und Wohlstand. Das Data Market&#8230;  <a class=\"excerpt-read-more\" href=\"https:\/\/datamarket.at\/en\/2020\/09\/14\/trusts-innovationen-fuer-einen-pan-europaeischen-datenmarkt\/\" title=\"Read TRUSTS: Innovating European data markets through trust, security, and federation\">Read more &raquo;<\/a><\/p>\n","protected":false},"author":1,"featured_media":0,"parent":0,"menu_order":0,"comment_status":"closed","ping_status":"closed","template":"home-page.php","meta":{"_monsterinsights_skip_tracking":false,"_monsterinsights_sitenote_active":false,"_monsterinsights_sitenote_note":"","_monsterinsights_sitenote_category":0,"footnotes":""},"class_list":["post-56","page","type-page","status-publish","hentry"],"translation":{"provider":"WPGlobus","version":"3.0.0","language":"en","enabled_languages":["de","en"],"languages":{"de":{"title":true,"content":true,"excerpt":false},"en":{"title":false,"content":false,"excerpt":false}}},"_links":{"self":[{"href":"https:\/\/datamarket.at\/en\/wp-json\/wp\/v2\/pages\/56","targetHints":{"allow":["GET"]}}],"collection":[{"href":"https:\/\/datamarket.at\/en\/wp-json\/wp\/v2\/pages"}],"about":[{"href":"https:\/\/datamarket.at\/en\/wp-json\/wp\/v2\/types\/page"}],"author":[{"embeddable":true,"href":"https:\/\/datamarket.at\/en\/wp-json\/wp\/v2\/users\/1"}],"replies":[{"embeddable":true,"href":"https:\/\/datamarket.at\/en\/wp-json\/wp\/v2\/comments?post=56"}],"version-history":[{"count":170,"href":"https:\/\/datamarket.at\/en\/wp-json\/wp\/v2\/pages\/56\/revisions"}],"predecessor-version":[{"id":2827,"href":"https:\/\/datamarket.at\/en\/wp-json\/wp\/v2\/pages\/56\/revisions\/2827"}],"wp:attachment":[{"href":"https:\/\/datamarket.at\/en\/wp-json\/wp\/v2\/media?parent=56"}],"curies":[{"name":"wp","href":"https:\/\/api.w.org\/{rel}","templated":true}]}}